{"id":170,"date":"2025-12-04T15:41:16","date_gmt":"2025-12-04T15:41:16","guid":{"rendered":"https:\/\/theradix.de\/?page_id=170"},"modified":"2026-03-17T16:38:11","modified_gmt":"2026-03-17T16:38:11","slug":"impressum","status":"publish","type":"page","link":"https:\/\/theradix.de\/en\/impressum\/","title":{"rendered":"Legal notice"},"content":{"rendered":"<div data-elementor-type=\"wp-page\" data-elementor-id=\"170\" class=\"elementor elementor-170\">\n\t\t\t\t<div class=\"elementor-element elementor-element-4c0a164c e-flex e-con-boxed e-con e-parent\" data-id=\"4c0a164c\" data-element_type=\"container\" data-e-type=\"container\">\n\t\t\t\t\t<div class=\"e-con-inner\">\n\t\t\t\t<div class=\"elementor-element elementor-element-3aa1575e elementor-widget elementor-widget-text-editor\" data-id=\"3aa1575e\" data-element_type=\"widget\" data-e-type=\"widget\" data-widget_type=\"text-editor.default\">\n\t\t\t\t\t\t\t\t\t<h1>Legal notice<\/h1><p>Hannes Bartz<br \/>Theradix<br \/>Steinheimer Stra\u00dfe 9<br \/>89278 Nersingen<\/p><h2>Contact<\/h2><p>E-Mail: <a href=\"mailto:info@theradix.de\">info@theradix.de<\/a><\/p><h3>Economic Identification Number (Wirtschafts-Identifikationsnummer)<\/h3><p>DE433427234<\/p><h3>Supervisory Authority<\/h3><p>Regierungspr\u00e4sidium T\u00fcbingen<br \/>Konrad-Adenauer-Stra\u00dfe 20<br \/>72072 T\u00fcbingen<\/p><h3>Professional Title and Professional Regulations<\/h3><p>Professional title: Physiotherapist<\/p><h4>The following professional regulations apply:<\/h4><p><strong>German Act on the Professions of Masseur and Physiotherapist (MPhG)<\/strong><br \/>Available at:<br \/><a href=\"https:\/\/www.gesetze-im-internet.de\/mphg\/BJNR108400994.html\">https:\/\/www.gesetze-im-internet.de\/mphg\/BJNR108400994.html<\/a><\/p><p><strong>Training and Examination Regulation for Physiotherapists (PhysTh-APrV)<\/strong><br \/>Available at:<br \/><a href=\"https:\/\/www.gesetze-im-internet.de\/physth-aprv\/BJNR378600994.html\">https:\/\/www.gesetze-im-internet.de\/physth-aprv\/BJNR378600994.html<\/a><\/p><h3>Information on Professional Liability Insurance<\/h3><p><strong>Name and registered office of the insurer:<\/strong><br \/>AXA Versicherungs AG<br \/>Colonia-Allee 10-20<br \/>51067 K\u00f6ln<\/p><p><strong>Territorial scope of the insurance coverage:<\/strong><br \/>The insurance coverage applies within Germany.<\/p><p><strong>Consumer Dispute Resolution \/ Universal Arbitration Board\u00a0<\/strong><br \/>We are not obliged to participate in dispute resolution proceedings before a consumer arbitration board.<\/p><div class=\"jtpl-content content-options cc-content-parent\"><div class=\"jtpl-content__inner content-padding cc-content-parent\"><div id=\"content_area\" data-container=\"content\"><div id=\"cc-matrix-3801617930\"><div id=\"cc-m-13258679130\" class=\"j-module n j-htmlCode\"><h1>Disclaimer<\/h1><h3>LIABILITY FOR CONTENT<\/h3><p>As a service provider, we are responsible for our own content on these pages in accordance with general laws pursuant to \u00a7 7 (1) of the German Telemedia Act (TMG). However, pursuant to \u00a7\u00a7 8 to 10 TMG, we are not obligated to monitor transmitted or stored third-party information or to investigate circumstances that indicate unlawful activity.<\/p><p>Obligations to remove or block the use of information under general laws remain unaffected by this. However, liability in this regard is only possible from the time of knowledge of a specific legal violation. Upon becoming aware of such infringements, we will remove the respective content immediately.<\/p><h3>LIABILITY FOR LINKS<\/h3><p>Our website contains links to external third-party websites over whose content we have no influence. Therefore, we cannot assume any liability for this external content. The respective provider or operator of the linked pages is always responsible for their content.\n\nThe linked pages were checked for possible legal violations at the time of linking. No unlawful content was identifiable at the time the links were created.<\/p><p>However, permanent monitoring of the content of linked pages is not reasonable without concrete evidence of a legal violation. Upon becoming aware of any such violations, we will remove the respective links immediately.<\/p><h3>COPYRIGHT<\/h3><p>Die durch die Seitenbetreiber erstellten Inhalte und Werke auf diesen Seiten unterliegen dem deutschen Urheberrecht. Die Vervielf\u00e4ltigung, Bearbeitung, Verbreitung und jede Art der Verwertung au\u00dferhalb der Grenzen des Urheberrechtes bed\u00fcrfen der schriftlichen Zustimmung des jeweiligen Autors bzw. Erstellers. Downloads und Kopien dieser Seite sind nur f\u00fcr den privaten, nicht kommerziellen Gebrauch gestattet.<\/p><p>Insofar as the content on this website was not created by the operator, the copyrights of third parties are respected. In particular, third-party content is identified as such where applicable.\n\nShould you nevertheless become aware of a copyright infringement, we kindly request that you inform us accordingly. Upon becoming aware of any legal violations, we will remove such content immediately.<\/p><\/div><\/div><\/div><\/div><\/div><div class=\"jtpl-sidebar sidebar-options\"><div class=\"jtpl-sidebar__inner\"><div data-container=\"sidebar\"><div id=\"cc-matrix-3801623730\"><div id=\"cc-m-13254524630\" class=\"j-module n j-spacing\"><div class=\"cc-m-spacer\">\u00a0<\/div><\/div><\/div><\/div><\/div><\/div><p>Source: eRecht24<\/p>\t\t\t\t\t\t\t\t<\/div>\n\t\t\t\t\t<\/div>\n\t\t\t\t<\/div>\n\t\t\t\t<\/div>","protected":false},"excerpt":{"rendered":"<p>Impressum Hannes BartzTheradixSteinheimer Stra\u00dfe 989278 Nersingen Kontakt E-Mail: info@theradix.de Wirtschaftsidentifikationsnummer DE433427234 Aufsichtsbeh\u00f6rde Regierungspr\u00e4sidium T\u00fcbingenKonrad-Adenauer-Stra\u00dfe 2072072 T\u00fcbingen Berufsbezeichnung und berufsrechtliche Regelungen Berufsbezeichnung:\u00a0Physiotherapeut Es gelten folgende berufsrechtliche Regelungen: Masseur- und Physiotherapeutengesetz (MPhG)einsehbar unter:https:\/\/www.gesetze-im-internet.de\/mphg\/BJNR108400994.html PhysTherapie-Berufsverordnung (PhysTh-APrV)einsehbar unter:https:\/\/www.gesetze-im-internet.de\/physth-aprv\/BJNR378600994.html Angaben zur Berufshaftpflichtversicherung Name und Sitz [&hellip;]<\/p>\n","protected":false},"author":1,"featured_media":0,"parent":0,"menu_order":0,"comment_status":"closed","ping_status":"closed","template":"","meta":{"footnotes":""},"class_list":["post-170","page","type-page","status-publish","hentry"],"yoast_head":"<!-- This site is optimized with the Yoast SEO plugin v27.3 - https:\/\/yoast.com\/product\/yoast-seo-wordpress\/ -->\n<title>Impressum - mobile Physiotherapie<\/title>\n<meta name=\"robots\" content=\"index, follow, max-snippet:-1, max-image-preview:large, max-video-preview:-1\" \/>\n<link rel=\"canonical\" href=\"http:\/\/theradix.de\/en\/impressum\/\" \/>\n<meta property=\"og:locale\" content=\"en_US\" \/>\n<meta property=\"og:type\" content=\"article\" \/>\n<meta property=\"og:title\" content=\"Impressum - mobile Physiotherapie\" \/>\n<meta property=\"og:description\" content=\"Impressum Hannes BartzTheradixSteinheimer Stra\u00dfe 989278 Nersingen Kontakt E-Mail: info@theradix.de Wirtschaftsidentifikationsnummer DE433427234 Aufsichtsbeh\u00f6rde Regierungspr\u00e4sidium T\u00fcbingenKonrad-Adenauer-Stra\u00dfe 2072072 T\u00fcbingen Berufsbezeichnung und berufsrechtliche Regelungen Berufsbezeichnung:\u00a0Physiotherapeut Es gelten folgende berufsrechtliche Regelungen: Masseur- und Physiotherapeutengesetz (MPhG)einsehbar unter:https:\/\/www.gesetze-im-internet.de\/mphg\/BJNR108400994.html PhysTherapie-Berufsverordnung (PhysTh-APrV)einsehbar unter:https:\/\/www.gesetze-im-internet.de\/physth-aprv\/BJNR378600994.html Angaben zur Berufshaftpflichtversicherung Name und Sitz [&hellip;]\" \/>\n<meta property=\"og:url\" content=\"http:\/\/theradix.de\/en\/impressum\/\" \/>\n<meta property=\"og:site_name\" content=\"mobile Physiotherapie\" \/>\n<meta property=\"article:modified_time\" content=\"2026-03-17T16:38:11+00:00\" \/>\n<meta name=\"twitter:card\" content=\"summary_large_image\" \/>\n<meta name=\"twitter:label1\" content=\"Est. reading time\" \/>\n\t<meta name=\"twitter:data1\" content=\"3 minutes\" \/>\n<script type=\"application\/ld+json\" class=\"yoast-schema-graph\">{\"@context\":\"https:\\\/\\\/schema.org\",\"@graph\":[{\"@type\":\"WebPage\",\"@id\":\"http:\\\/\\\/theradix.de\\\/impressum\\\/\",\"url\":\"http:\\\/\\\/theradix.de\\\/impressum\\\/\",\"name\":\"Impressum - mobile Physiotherapie\",\"isPartOf\":{\"@id\":\"http:\\\/\\\/theradix.de\\\/#website\"},\"datePublished\":\"2025-12-04T15:41:16+00:00\",\"dateModified\":\"2026-03-17T16:38:11+00:00\",\"breadcrumb\":{\"@id\":\"http:\\\/\\\/theradix.de\\\/impressum\\\/#breadcrumb\"},\"inLanguage\":\"en-US\",\"potentialAction\":[{\"@type\":\"ReadAction\",\"target\":[\"http:\\\/\\\/theradix.de\\\/impressum\\\/\"]}]},{\"@type\":\"BreadcrumbList\",\"@id\":\"http:\\\/\\\/theradix.de\\\/impressum\\\/#breadcrumb\",\"itemListElement\":[{\"@type\":\"ListItem\",\"position\":1,\"name\":\"Startseite\",\"item\":\"http:\\\/\\\/theradix.de\\\/\"},{\"@type\":\"ListItem\",\"position\":2,\"name\":\"Impressum\"}]},{\"@type\":\"WebSite\",\"@id\":\"http:\\\/\\\/theradix.de\\\/#website\",\"url\":\"http:\\\/\\\/theradix.de\\\/\",\"name\":\"Theradix\",\"description\":\"Flexible Hausbesuche rund um Ulm\",\"publisher\":{\"@id\":\"http:\\\/\\\/theradix.de\\\/#organization\"},\"potentialAction\":[{\"@type\":\"SearchAction\",\"target\":{\"@type\":\"EntryPoint\",\"urlTemplate\":\"http:\\\/\\\/theradix.de\\\/?s={search_term_string}\"},\"query-input\":{\"@type\":\"PropertyValueSpecification\",\"valueRequired\":true,\"valueName\":\"search_term_string\"}}],\"inLanguage\":\"en-US\"},{\"@type\":\"Organization\",\"@id\":\"http:\\\/\\\/theradix.de\\\/#organization\",\"name\":\"mobile Physiotherapie\",\"url\":\"http:\\\/\\\/theradix.de\\\/\",\"logo\":{\"@type\":\"ImageObject\",\"inLanguage\":\"en-US\",\"@id\":\"http:\\\/\\\/theradix.de\\\/#\\\/schema\\\/logo\\\/image\\\/\",\"url\":\"https:\\\/\\\/theradix.de\\\/wp-content\\\/uploads\\\/2025\\\/11\\\/Logo_Platzhalter.jpg\",\"contentUrl\":\"https:\\\/\\\/theradix.de\\\/wp-content\\\/uploads\\\/2025\\\/11\\\/Logo_Platzhalter.jpg\",\"width\":1042,\"height\":206,\"caption\":\"mobile Physiotherapie\"},\"image\":{\"@id\":\"http:\\\/\\\/theradix.de\\\/#\\\/schema\\\/logo\\\/image\\\/\"}}]}<\/script>\n<!-- \/ Yoast SEO plugin. -->","yoast_head_json":{"title":"Impressum - mobile Physiotherapie","robots":{"index":"index","follow":"follow","max-snippet":"max-snippet:-1","max-image-preview":"max-image-preview:large","max-video-preview":"max-video-preview:-1"},"canonical":"http:\/\/theradix.de\/en\/impressum\/","og_locale":"en_US","og_type":"article","og_title":"Impressum - mobile Physiotherapie","og_description":"Impressum Hannes BartzTheradixSteinheimer Stra\u00dfe 989278 Nersingen Kontakt E-Mail: info@theradix.de Wirtschaftsidentifikationsnummer DE433427234 Aufsichtsbeh\u00f6rde Regierungspr\u00e4sidium T\u00fcbingenKonrad-Adenauer-Stra\u00dfe 2072072 T\u00fcbingen Berufsbezeichnung und berufsrechtliche Regelungen Berufsbezeichnung:\u00a0Physiotherapeut Es gelten folgende berufsrechtliche Regelungen: Masseur- und Physiotherapeutengesetz (MPhG)einsehbar unter:https:\/\/www.gesetze-im-internet.de\/mphg\/BJNR108400994.html PhysTherapie-Berufsverordnung (PhysTh-APrV)einsehbar unter:https:\/\/www.gesetze-im-internet.de\/physth-aprv\/BJNR378600994.html Angaben zur Berufshaftpflichtversicherung Name und Sitz [&hellip;]","og_url":"http:\/\/theradix.de\/en\/impressum\/","og_site_name":"mobile Physiotherapie","article_modified_time":"2026-03-17T16:38:11+00:00","twitter_card":"summary_large_image","twitter_misc":{"Est. reading time":"3 minutes"},"schema":{"@context":"https:\/\/schema.org","@graph":[{"@type":"WebPage","@id":"http:\/\/theradix.de\/impressum\/","url":"http:\/\/theradix.de\/impressum\/","name":"Impressum - mobile Physiotherapie","isPartOf":{"@id":"http:\/\/theradix.de\/#website"},"datePublished":"2025-12-04T15:41:16+00:00","dateModified":"2026-03-17T16:38:11+00:00","breadcrumb":{"@id":"http:\/\/theradix.de\/impressum\/#breadcrumb"},"inLanguage":"en-US","potentialAction":[{"@type":"ReadAction","target":["http:\/\/theradix.de\/impressum\/"]}]},{"@type":"BreadcrumbList","@id":"http:\/\/theradix.de\/impressum\/#breadcrumb","itemListElement":[{"@type":"ListItem","position":1,"name":"Startseite","item":"http:\/\/theradix.de\/"},{"@type":"ListItem","position":2,"name":"Impressum"}]},{"@type":"WebSite","@id":"http:\/\/theradix.de\/#website","url":"http:\/\/theradix.de\/","name":"Theradix","description":"Flexible house calls around Ulm","publisher":{"@id":"http:\/\/theradix.de\/#organization"},"potentialAction":[{"@type":"SearchAction","target":{"@type":"EntryPoint","urlTemplate":"http:\/\/theradix.de\/?s={search_term_string}"},"query-input":{"@type":"PropertyValueSpecification","valueRequired":true,"valueName":"search_term_string"}}],"inLanguage":"en-US"},{"@type":"Organization","@id":"http:\/\/theradix.de\/#organization","name":"mobile physical therapy","url":"http:\/\/theradix.de\/","logo":{"@type":"ImageObject","inLanguage":"en-US","@id":"http:\/\/theradix.de\/#\/schema\/logo\/image\/","url":"https:\/\/theradix.de\/wp-content\/uploads\/2025\/11\/Logo_Platzhalter.jpg","contentUrl":"https:\/\/theradix.de\/wp-content\/uploads\/2025\/11\/Logo_Platzhalter.jpg","width":1042,"height":206,"caption":"mobile Physiotherapie"},"image":{"@id":"http:\/\/theradix.de\/#\/schema\/logo\/image\/"}}]}},"_links":{"self":[{"href":"https:\/\/theradix.de\/en\/wp-json\/wp\/v2\/pages\/170","targetHints":{"allow":["GET"]}}],"collection":[{"href":"https:\/\/theradix.de\/en\/wp-json\/wp\/v2\/pages"}],"about":[{"href":"https:\/\/theradix.de\/en\/wp-json\/wp\/v2\/types\/page"}],"author":[{"embeddable":true,"href":"https:\/\/theradix.de\/en\/wp-json\/wp\/v2\/users\/1"}],"replies":[{"embeddable":true,"href":"https:\/\/theradix.de\/en\/wp-json\/wp\/v2\/comments?post=170"}],"version-history":[{"count":10,"href":"https:\/\/theradix.de\/en\/wp-json\/wp\/v2\/pages\/170\/revisions"}],"predecessor-version":[{"id":479,"href":"https:\/\/theradix.de\/en\/wp-json\/wp\/v2\/pages\/170\/revisions\/479"}],"wp:attachment":[{"href":"https:\/\/theradix.de\/en\/wp-json\/wp\/v2\/media?parent=170"}],"curies":[{"name":"wp","href":"https:\/\/api.w.org\/{rel}","templated":true}]}}