{"id":386,"date":"2026-01-08T20:59:24","date_gmt":"2026-01-08T20:59:24","guid":{"rendered":"https:\/\/theradix.de\/?page_id=386"},"modified":"2026-03-21T17:05:39","modified_gmt":"2026-03-21T17:05:39","slug":"lymphdrainage","status":"publish","type":"page","link":"https:\/\/theradix.de\/en\/home\/leistungen\/lymphdrainage\/","title":{"rendered":"Manual lymphatic drainage"},"content":{"rendered":"<div data-elementor-type=\"wp-page\" data-elementor-id=\"386\" class=\"elementor elementor-386\">\n\t\t\t\t<div class=\"elementor-element elementor-element-0502d73 e-flex e-con-boxed e-con e-parent\" data-id=\"0502d73\" data-element_type=\"container\" data-e-type=\"container\">\n\t\t\t\t\t<div class=\"e-con-inner\">\n\t\t\t\t<div class=\"elementor-element elementor-element-d00235b elementor-widget elementor-widget-image\" data-id=\"d00235b\" data-element_type=\"widget\" data-e-type=\"widget\" data-widget_type=\"image.default\">\n\t\t\t\t\t\t\t\t\t\t\t\t\t\t\t<img fetchpriority=\"high\" decoding=\"async\" width=\"500\" height=\"500\" src=\"http:\/\/theradix.de\/wp-content\/uploads\/2026\/02\/ChatGPT-Image-8.-Feb.-2026-08_56_32-500x500.png\" class=\"attachment-gallery size-gallery wp-image-414\" alt=\"\" srcset=\"http:\/\/theradix.de\/wp-content\/uploads\/2026\/02\/ChatGPT-Image-8.-Feb.-2026-08_56_32-500x500.png 500w, http:\/\/theradix.de\/wp-content\/uploads\/2026\/02\/ChatGPT-Image-8.-Feb.-2026-08_56_32-150x150.png 150w\" sizes=\"(max-width: 500px) 100vw, 500px\" \/>\t\t\t\t\t\t\t\t\t\t\t\t\t\t\t<\/div>\n\t\t\t\t\t<\/div>\n\t\t\t\t<\/div>\n\t\t<div class=\"elementor-element elementor-element-83ed247 e-flex e-con-boxed e-con e-parent\" data-id=\"83ed247\" data-element_type=\"container\" data-e-type=\"container\">\n\t\t\t\t\t<div class=\"e-con-inner\">\n\t\t\t\t<div class=\"elementor-element elementor-element-48b8997 elementor-widget elementor-widget-heading\" data-id=\"48b8997\" data-element_type=\"widget\" data-e-type=\"widget\" data-widget_type=\"heading.default\">\n\t\t\t\t\t<h2 class=\"elementor-heading-title elementor-size-default\">Manual lymphatic drainage<\/h2>\t\t\t\t<\/div>\n\t\t\t\t\t<\/div>\n\t\t\t\t<\/div>\n\t\t<div class=\"elementor-element elementor-element-1f953f1 e-flex e-con-boxed e-con e-parent\" data-id=\"1f953f1\" data-element_type=\"container\" data-e-type=\"container\">\n\t\t\t\t\t<div class=\"e-con-inner\">\n\t\t\t\t<div class=\"elementor-element elementor-element-3cd2dc5 elementor-widget elementor-widget-text-editor\" data-id=\"3cd2dc5\" data-element_type=\"widget\" data-e-type=\"widget\" data-widget_type=\"text-editor.default\">\n\t\t\t\t\t\t\t\t\t<p>Sanfte, rhythmische Therapie zur Reduktion von Schwellungen und zur Unterst\u00fctzung des Lymphsystems. Besonders hilfreich bei Lymph\u00f6demen, postoperativen Schwellungen oder nach Verletzungen. Ich biete mobile Lymphdrainage im gesamten Raum Ulm und Neu-Ulm an. So m\u00fcssen Sie bei eingeschr\u00e4nkter Mobilit\u00e4t keine Praxis aufsuchen.<\/p>\t\t\t\t\t\t\t\t<\/div>\n\t\t\t\t\t<\/div>\n\t\t\t\t<\/div>\n\t\t<div class=\"elementor-element elementor-element-f538f8e e-grid e-con-boxed e-con e-parent\" data-id=\"f538f8e\" data-element_type=\"container\" data-e-type=\"container\">\n\t\t\t\t\t<div class=\"e-con-inner\">\n\t\t\t\t<div class=\"elementor-element elementor-element-31e7089 elementor-align-center elementor-widget elementor-widget-button\" data-id=\"31e7089\" data-element_type=\"widget\" data-e-type=\"widget\" data-widget_type=\"button.default\">\n\t\t\t\t\t\t\t\t\t\t<a class=\"elementor-button elementor-button-link elementor-size-sm\" href=\"https:\/\/theradix.de\/en\/home\/kontakt\/\">\n\t\t\t\t\t\t<span class=\"elementor-button-content-wrapper\">\n\t\t\t\t\t\t\t\t\t<span class=\"elementor-button-text\">Make an appointment<\/span>\n\t\t\t\t\t<\/span>\n\t\t\t\t\t<\/a>\n\t\t\t\t\t\t\t\t<\/div>\n\t\t\t\t<div class=\"elementor-element elementor-element-48435ea elementor-align-center elementor-widget elementor-widget-button\" data-id=\"48435ea\" data-element_type=\"widget\" data-e-type=\"widget\" data-widget_type=\"button.default\">\n\t\t\t\t\t\t\t\t\t\t<a class=\"elementor-button elementor-button-link elementor-size-sm\" href=\"http:\/\/+491731831034\">\n\t\t\t\t\t\t<span class=\"elementor-button-content-wrapper\">\n\t\t\t\t\t\t\t\t\t<span class=\"elementor-button-text\">Anrufen<\/span>\n\t\t\t\t\t<\/span>\n\t\t\t\t\t<\/a>\n\t\t\t\t\t\t\t\t<\/div>\n\t\t\t\t<div class=\"elementor-element elementor-element-3def145 elementor-align-center elementor-widget elementor-widget-button\" data-id=\"3def145\" data-element_type=\"widget\" data-e-type=\"widget\" data-widget_type=\"button.default\">\n\t\t\t\t\t\t\t\t\t\t<a class=\"elementor-button elementor-button-link elementor-size-sm\" href=\"http:\/\/theradix.de\/en\/home\/leistungen\/\">\n\t\t\t\t\t\t<span class=\"elementor-button-content-wrapper\">\n\t\t\t\t\t\t\t\t\t<span class=\"elementor-button-text\">Back to overview<\/span>\n\t\t\t\t\t<\/span>\n\t\t\t\t\t<\/a>\n\t\t\t\t\t\t\t\t<\/div>\n\t\t\t\t\t<\/div>\n\t\t\t\t<\/div>\n\t\t\t\t<\/div>","protected":false},"excerpt":{"rendered":"<p>Manuelle Lymphdrainage Sanfte, rhythmische Therapie zur Reduktion von Schwellungen und zur Unterst\u00fctzung des Lymphsystems. Besonders hilfreich bei Lymph\u00f6demen, postoperativen Schwellungen oder nach Verletzungen. Ich biete mobile Lymphdrainage im gesamten Raum Ulm und Neu-Ulm an. So m\u00fcssen Sie bei eingeschr\u00e4nkter Mobilit\u00e4t [&hellip;]<\/p>\n","protected":false},"author":1,"featured_media":0,"parent":2,"menu_order":3,"comment_status":"closed","ping_status":"closed","template":"","meta":{"footnotes":""},"class_list":["post-386","page","type-page","status-publish","hentry"],"yoast_head":"<!-- This site is optimized with the Yoast SEO plugin v27.3 - https:\/\/yoast.com\/product\/yoast-seo-wordpress\/ -->\n<title>Lymphdrainage - mobile Physiotherapie<\/title>\n<meta name=\"description\" content=\"Krankengymnastik zu Ihren Konditionen: flexibel, au\u00dferhalb der \u00fcblichen Praxiszeiten, direkt bei Ihnen zu Hause, individuell auf Ihre Bed\u00fcrfnisse abgestimmt.\" \/>\n<meta name=\"robots\" content=\"index, follow, max-snippet:-1, max-image-preview:large, max-video-preview:-1\" \/>\n<link rel=\"canonical\" href=\"https:\/\/theradix.de\/en\/home\/leistungen\/lymphdrainage\/\" \/>\n<meta property=\"og:locale\" content=\"en_US\" \/>\n<meta property=\"og:type\" content=\"article\" \/>\n<meta property=\"og:title\" content=\"Lymphdrainage - mobile Physiotherapie\" \/>\n<meta property=\"og:description\" content=\"Krankengymnastik zu Ihren Konditionen: flexibel, au\u00dferhalb der \u00fcblichen Praxiszeiten, direkt bei Ihnen zu Hause, individuell auf Ihre Bed\u00fcrfnisse abgestimmt.\" \/>\n<meta property=\"og:url\" content=\"https:\/\/theradix.de\/en\/home\/leistungen\/lymphdrainage\/\" \/>\n<meta property=\"og:site_name\" content=\"mobile Physiotherapie\" \/>\n<meta property=\"article:modified_time\" content=\"2026-03-21T17:05:39+00:00\" \/>\n<meta property=\"og:image\" content=\"http:\/\/theradix.de\/wp-content\/uploads\/2026\/02\/ChatGPT-Image-8.-Feb.-2026-08_56_32-500x500.png\" \/>\n<meta name=\"twitter:card\" content=\"summary_large_image\" \/>\n<meta name=\"twitter:label1\" content=\"Est. reading time\" \/>\n\t<meta name=\"twitter:data1\" content=\"1 minute\" \/>\n<script type=\"application\/ld+json\" class=\"yoast-schema-graph\">{\"@context\":\"https:\\\/\\\/schema.org\",\"@graph\":[{\"@type\":\"WebPage\",\"@id\":\"https:\\\/\\\/theradix.de\\\/home\\\/leistungen\\\/lymphdrainage\\\/\",\"url\":\"https:\\\/\\\/theradix.de\\\/home\\\/leistungen\\\/lymphdrainage\\\/\",\"name\":\"Lymphdrainage - mobile Physiotherapie\",\"isPartOf\":{\"@id\":\"http:\\\/\\\/theradix.de\\\/#website\"},\"primaryImageOfPage\":{\"@id\":\"https:\\\/\\\/theradix.de\\\/home\\\/leistungen\\\/lymphdrainage\\\/#primaryimage\"},\"image\":{\"@id\":\"https:\\\/\\\/theradix.de\\\/home\\\/leistungen\\\/lymphdrainage\\\/#primaryimage\"},\"thumbnailUrl\":\"http:\\\/\\\/theradix.de\\\/wp-content\\\/uploads\\\/2026\\\/02\\\/ChatGPT-Image-8.-Feb.-2026-08_56_32-500x500.png\",\"datePublished\":\"2026-01-08T20:59:24+00:00\",\"dateModified\":\"2026-03-21T17:05:39+00:00\",\"description\":\"Krankengymnastik zu Ihren Konditionen: flexibel, au\u00dferhalb der \u00fcblichen Praxiszeiten, direkt bei Ihnen zu Hause, individuell auf Ihre Bed\u00fcrfnisse abgestimmt.\",\"breadcrumb\":{\"@id\":\"https:\\\/\\\/theradix.de\\\/home\\\/leistungen\\\/lymphdrainage\\\/#breadcrumb\"},\"inLanguage\":\"en-US\",\"potentialAction\":[{\"@type\":\"ReadAction\",\"target\":[\"https:\\\/\\\/theradix.de\\\/home\\\/leistungen\\\/lymphdrainage\\\/\"]}]},{\"@type\":\"ImageObject\",\"inLanguage\":\"en-US\",\"@id\":\"https:\\\/\\\/theradix.de\\\/home\\\/leistungen\\\/lymphdrainage\\\/#primaryimage\",\"url\":\"http:\\\/\\\/theradix.de\\\/wp-content\\\/uploads\\\/2026\\\/02\\\/ChatGPT-Image-8.-Feb.-2026-08_56_32-500x500.png\",\"contentUrl\":\"http:\\\/\\\/theradix.de\\\/wp-content\\\/uploads\\\/2026\\\/02\\\/ChatGPT-Image-8.-Feb.-2026-08_56_32-500x500.png\"},{\"@type\":\"BreadcrumbList\",\"@id\":\"https:\\\/\\\/theradix.de\\\/home\\\/leistungen\\\/lymphdrainage\\\/#breadcrumb\",\"itemListElement\":[{\"@type\":\"ListItem\",\"position\":1,\"name\":\"Startseite\",\"item\":\"http:\\\/\\\/theradix.de\\\/\"},{\"@type\":\"ListItem\",\"position\":2,\"name\":\"Home\",\"item\":\"http:\\\/\\\/theradix.de\\\/\"},{\"@type\":\"ListItem\",\"position\":3,\"name\":\"Leistungen\",\"item\":\"http:\\\/\\\/theradix.de\\\/home\\\/leistungen\\\/\"},{\"@type\":\"ListItem\",\"position\":4,\"name\":\"Lymphdrainage\"}]},{\"@type\":\"WebSite\",\"@id\":\"http:\\\/\\\/theradix.de\\\/#website\",\"url\":\"http:\\\/\\\/theradix.de\\\/\",\"name\":\"Theradix\",\"description\":\"Flexible Hausbesuche rund um Ulm\",\"publisher\":{\"@id\":\"http:\\\/\\\/theradix.de\\\/#organization\"},\"potentialAction\":[{\"@type\":\"SearchAction\",\"target\":{\"@type\":\"EntryPoint\",\"urlTemplate\":\"http:\\\/\\\/theradix.de\\\/?s={search_term_string}\"},\"query-input\":{\"@type\":\"PropertyValueSpecification\",\"valueRequired\":true,\"valueName\":\"search_term_string\"}}],\"inLanguage\":\"en-US\"},{\"@type\":\"Organization\",\"@id\":\"http:\\\/\\\/theradix.de\\\/#organization\",\"name\":\"mobile Physiotherapie\",\"url\":\"http:\\\/\\\/theradix.de\\\/\",\"logo\":{\"@type\":\"ImageObject\",\"inLanguage\":\"en-US\",\"@id\":\"http:\\\/\\\/theradix.de\\\/#\\\/schema\\\/logo\\\/image\\\/\",\"url\":\"https:\\\/\\\/theradix.de\\\/wp-content\\\/uploads\\\/2025\\\/11\\\/Logo_Platzhalter.jpg\",\"contentUrl\":\"https:\\\/\\\/theradix.de\\\/wp-content\\\/uploads\\\/2025\\\/11\\\/Logo_Platzhalter.jpg\",\"width\":1042,\"height\":206,\"caption\":\"mobile Physiotherapie\"},\"image\":{\"@id\":\"http:\\\/\\\/theradix.de\\\/#\\\/schema\\\/logo\\\/image\\\/\"}}]}<\/script>\n<!-- \/ Yoast SEO plugin. -->","yoast_head_json":{"title":"Lymphdrainage - mobile Physiotherapie","description":"Krankengymnastik zu Ihren Konditionen: flexibel, au\u00dferhalb der \u00fcblichen Praxiszeiten, direkt bei Ihnen zu Hause, individuell auf Ihre Bed\u00fcrfnisse abgestimmt.","robots":{"index":"index","follow":"follow","max-snippet":"max-snippet:-1","max-image-preview":"max-image-preview:large","max-video-preview":"max-video-preview:-1"},"canonical":"https:\/\/theradix.de\/en\/home\/leistungen\/lymphdrainage\/","og_locale":"en_US","og_type":"article","og_title":"Lymphdrainage - mobile Physiotherapie","og_description":"Krankengymnastik zu Ihren Konditionen: flexibel, au\u00dferhalb der \u00fcblichen Praxiszeiten, direkt bei Ihnen zu Hause, individuell auf Ihre Bed\u00fcrfnisse abgestimmt.","og_url":"https:\/\/theradix.de\/en\/home\/leistungen\/lymphdrainage\/","og_site_name":"mobile Physiotherapie","article_modified_time":"2026-03-21T17:05:39+00:00","og_image":[{"url":"http:\/\/theradix.de\/wp-content\/uploads\/2026\/02\/ChatGPT-Image-8.-Feb.-2026-08_56_32-500x500.png","type":"","width":"","height":""}],"twitter_card":"summary_large_image","twitter_misc":{"Est. reading time":"1 minute"},"schema":{"@context":"https:\/\/schema.org","@graph":[{"@type":"WebPage","@id":"https:\/\/theradix.de\/home\/leistungen\/lymphdrainage\/","url":"https:\/\/theradix.de\/home\/leistungen\/lymphdrainage\/","name":"Lymphdrainage - mobile Physiotherapie","isPartOf":{"@id":"http:\/\/theradix.de\/#website"},"primaryImageOfPage":{"@id":"https:\/\/theradix.de\/home\/leistungen\/lymphdrainage\/#primaryimage"},"image":{"@id":"https:\/\/theradix.de\/home\/leistungen\/lymphdrainage\/#primaryimage"},"thumbnailUrl":"http:\/\/theradix.de\/wp-content\/uploads\/2026\/02\/ChatGPT-Image-8.-Feb.-2026-08_56_32-500x500.png","datePublished":"2026-01-08T20:59:24+00:00","dateModified":"2026-03-21T17:05:39+00:00","description":"Krankengymnastik zu Ihren Konditionen: flexibel, au\u00dferhalb der \u00fcblichen Praxiszeiten, direkt bei Ihnen zu Hause, individuell auf Ihre Bed\u00fcrfnisse abgestimmt.","breadcrumb":{"@id":"https:\/\/theradix.de\/home\/leistungen\/lymphdrainage\/#breadcrumb"},"inLanguage":"en-US","potentialAction":[{"@type":"ReadAction","target":["https:\/\/theradix.de\/home\/leistungen\/lymphdrainage\/"]}]},{"@type":"ImageObject","inLanguage":"en-US","@id":"https:\/\/theradix.de\/home\/leistungen\/lymphdrainage\/#primaryimage","url":"http:\/\/theradix.de\/wp-content\/uploads\/2026\/02\/ChatGPT-Image-8.-Feb.-2026-08_56_32-500x500.png","contentUrl":"http:\/\/theradix.de\/wp-content\/uploads\/2026\/02\/ChatGPT-Image-8.-Feb.-2026-08_56_32-500x500.png"},{"@type":"BreadcrumbList","@id":"https:\/\/theradix.de\/home\/leistungen\/lymphdrainage\/#breadcrumb","itemListElement":[{"@type":"ListItem","position":1,"name":"Startseite","item":"http:\/\/theradix.de\/"},{"@type":"ListItem","position":2,"name":"Home","item":"http:\/\/theradix.de\/"},{"@type":"ListItem","position":3,"name":"Leistungen","item":"http:\/\/theradix.de\/home\/leistungen\/"},{"@type":"ListItem","position":4,"name":"Lymphdrainage"}]},{"@type":"WebSite","@id":"http:\/\/theradix.de\/#website","url":"http:\/\/theradix.de\/","name":"Theradix","description":"Flexible house calls around Ulm","publisher":{"@id":"http:\/\/theradix.de\/#organization"},"potentialAction":[{"@type":"SearchAction","target":{"@type":"EntryPoint","urlTemplate":"http:\/\/theradix.de\/?s={search_term_string}"},"query-input":{"@type":"PropertyValueSpecification","valueRequired":true,"valueName":"search_term_string"}}],"inLanguage":"en-US"},{"@type":"Organization","@id":"http:\/\/theradix.de\/#organization","name":"mobile physical therapy","url":"http:\/\/theradix.de\/","logo":{"@type":"ImageObject","inLanguage":"en-US","@id":"http:\/\/theradix.de\/#\/schema\/logo\/image\/","url":"https:\/\/theradix.de\/wp-content\/uploads\/2025\/11\/Logo_Platzhalter.jpg","contentUrl":"https:\/\/theradix.de\/wp-content\/uploads\/2025\/11\/Logo_Platzhalter.jpg","width":1042,"height":206,"caption":"mobile Physiotherapie"},"image":{"@id":"http:\/\/theradix.de\/#\/schema\/logo\/image\/"}}]}},"_links":{"self":[{"href":"https:\/\/theradix.de\/en\/wp-json\/wp\/v2\/pages\/386","targetHints":{"allow":["GET"]}}],"collection":[{"href":"https:\/\/theradix.de\/en\/wp-json\/wp\/v2\/pages"}],"about":[{"href":"https:\/\/theradix.de\/en\/wp-json\/wp\/v2\/types\/page"}],"author":[{"embeddable":true,"href":"https:\/\/theradix.de\/en\/wp-json\/wp\/v2\/users\/1"}],"replies":[{"embeddable":true,"href":"https:\/\/theradix.de\/en\/wp-json\/wp\/v2\/comments?post=386"}],"version-history":[{"count":16,"href":"https:\/\/theradix.de\/en\/wp-json\/wp\/v2\/pages\/386\/revisions"}],"predecessor-version":[{"id":571,"href":"https:\/\/theradix.de\/en\/wp-json\/wp\/v2\/pages\/386\/revisions\/571"}],"up":[{"embeddable":true,"href":"https:\/\/theradix.de\/en\/wp-json\/wp\/v2\/pages\/2"}],"wp:attachment":[{"href":"https:\/\/theradix.de\/en\/wp-json\/wp\/v2\/media?parent=386"}],"curies":[{"name":"wp","href":"https:\/\/api.w.org\/{rel}","templated":true}]}}