{"id":391,"date":"2026-01-08T21:01:22","date_gmt":"2026-01-08T21:01:22","guid":{"rendered":"https:\/\/theradix.de\/?page_id=391"},"modified":"2026-03-17T16:45:33","modified_gmt":"2026-03-17T16:45:33","slug":"massage","status":"publish","type":"page","link":"https:\/\/theradix.de\/en\/home\/leistungen\/massage\/","title":{"rendered":"Massage"},"content":{"rendered":"<div data-elementor-type=\"wp-page\" data-elementor-id=\"391\" class=\"elementor elementor-391\">\n\t\t\t\t<div class=\"elementor-element elementor-element-0502d73 e-flex e-con-boxed e-con e-parent\" data-id=\"0502d73\" data-element_type=\"container\" data-e-type=\"container\">\n\t\t\t\t\t<div class=\"e-con-inner\">\n\t\t\t\t<div class=\"elementor-element elementor-element-d00235b elementor-widget elementor-widget-image\" data-id=\"d00235b\" data-element_type=\"widget\" data-e-type=\"widget\" data-widget_type=\"image.default\">\n\t\t\t\t\t\t\t\t\t\t\t\t\t\t\t<img fetchpriority=\"high\" decoding=\"async\" width=\"500\" height=\"500\" src=\"https:\/\/theradix.de\/wp-content\/uploads\/2026\/02\/Massage-500x500.png\" class=\"attachment-gallery size-gallery wp-image-422\" alt=\"\" srcset=\"https:\/\/theradix.de\/wp-content\/uploads\/2026\/02\/Massage-500x500.png 500w, https:\/\/theradix.de\/wp-content\/uploads\/2026\/02\/Massage-150x150.png 150w\" sizes=\"(max-width: 500px) 100vw, 500px\" \/>\t\t\t\t\t\t\t\t\t\t\t\t\t\t\t<\/div>\n\t\t\t\t\t<\/div>\n\t\t\t\t<\/div>\n\t\t<div class=\"elementor-element elementor-element-83ed247 e-flex e-con-boxed e-con e-parent\" data-id=\"83ed247\" data-element_type=\"container\" data-e-type=\"container\">\n\t\t\t\t\t<div class=\"e-con-inner\">\n\t\t\t\t<div class=\"elementor-element elementor-element-48b8997 elementor-widget elementor-widget-heading\" data-id=\"48b8997\" data-element_type=\"widget\" data-e-type=\"widget\" data-widget_type=\"heading.default\">\n\t\t\t\t\t<h2 class=\"elementor-heading-title elementor-size-default\">Massage<\/h2>\t\t\t\t<\/div>\n\t\t\t\t\t<\/div>\n\t\t\t\t<\/div>\n\t\t<div class=\"elementor-element elementor-element-1f953f1 e-flex e-con-boxed e-con e-parent\" data-id=\"1f953f1\" data-element_type=\"container\" data-e-type=\"container\">\n\t\t\t\t\t<div class=\"e-con-inner\">\n\t\t\t\t<div class=\"elementor-element elementor-element-3cd2dc5 elementor-widget elementor-widget-text-editor\" data-id=\"3cd2dc5\" data-element_type=\"widget\" data-e-type=\"widget\" data-widget_type=\"text-editor.default\">\n\t\t\t\t\t\t\t\t\t<p>Physiotherapeutische Massage zur L\u00f6sung von Spannungen, zur Entlastung der Muskulatur und zur F\u00f6rderung eines angenehmen K\u00f6rpergef\u00fchls. Die Behandlung wird individuell angepasst und sinnvoll in den physiotherapeutischen Gesamtprozess integriert. In ruhiger Atmosph\u00e4re behandle ich Sie bei Ihnen zu Hause in Ulm, Neu-Ulm und Umgebung \u2013 unterst\u00fctzend bei Verspannungen, \u00dcberlastung oder einfach, um dem K\u00f6rper wieder mehr Leichtigkeit zu erm\u00f6glichen.<\/p>\t\t\t\t\t\t\t\t<\/div>\n\t\t\t\t\t<\/div>\n\t\t\t\t<\/div>\n\t\t<div class=\"elementor-element elementor-element-f538f8e e-grid e-con-boxed e-con e-parent\" data-id=\"f538f8e\" data-element_type=\"container\" data-e-type=\"container\">\n\t\t\t\t\t<div class=\"e-con-inner\">\n\t\t\t\t<div class=\"elementor-element elementor-element-31e7089 elementor-align-center elementor-widget elementor-widget-button\" data-id=\"31e7089\" data-element_type=\"widget\" data-e-type=\"widget\" data-widget_type=\"button.default\">\n\t\t\t\t\t\t\t\t\t\t<a class=\"elementor-button elementor-button-link elementor-size-sm\" href=\"https:\/\/theradix.de\/en\/home\/kontakt\/\">\n\t\t\t\t\t\t<span class=\"elementor-button-content-wrapper\">\n\t\t\t\t\t\t\t\t\t<span class=\"elementor-button-text\">Make an appointment<\/span>\n\t\t\t\t\t<\/span>\n\t\t\t\t\t<\/a>\n\t\t\t\t\t\t\t\t<\/div>\n\t\t\t\t<div class=\"elementor-element elementor-element-48435ea elementor-align-center elementor-widget elementor-widget-button\" data-id=\"48435ea\" data-element_type=\"widget\" data-e-type=\"widget\" data-widget_type=\"button.default\">\n\t\t\t\t\t\t\t\t\t\t<a class=\"elementor-button elementor-button-link elementor-size-sm\" href=\"http:\/\/+491731831034\">\n\t\t\t\t\t\t<span class=\"elementor-button-content-wrapper\">\n\t\t\t\t\t\t\t\t\t<span class=\"elementor-button-text\">Anrufen<\/span>\n\t\t\t\t\t<\/span>\n\t\t\t\t\t<\/a>\n\t\t\t\t\t\t\t\t<\/div>\n\t\t\t\t<div class=\"elementor-element elementor-element-3def145 elementor-align-center elementor-widget elementor-widget-button\" data-id=\"3def145\" data-element_type=\"widget\" data-e-type=\"widget\" data-widget_type=\"button.default\">\n\t\t\t\t\t\t\t\t\t\t<a class=\"elementor-button elementor-button-link elementor-size-sm\" href=\"http:\/\/theradix.de\/en\/home\/leistungen\/\">\n\t\t\t\t\t\t<span class=\"elementor-button-content-wrapper\">\n\t\t\t\t\t\t\t\t\t<span class=\"elementor-button-text\">Back to overview<\/span>\n\t\t\t\t\t<\/span>\n\t\t\t\t\t<\/a>\n\t\t\t\t\t\t\t\t<\/div>\n\t\t\t\t\t<\/div>\n\t\t\t\t<\/div>\n\t\t\t\t<\/div>","protected":false},"excerpt":{"rendered":"<p>Massage Physiotherapeutische Massage zur L\u00f6sung von Spannungen, zur Entlastung der Muskulatur und zur F\u00f6rderung eines angenehmen K\u00f6rpergef\u00fchls. Die Behandlung wird individuell angepasst und sinnvoll in den physiotherapeutischen Gesamtprozess integriert. In ruhiger Atmosph\u00e4re behandle ich Sie bei Ihnen zu Hause in [&hellip;]<\/p>\n","protected":false},"author":1,"featured_media":0,"parent":2,"menu_order":3,"comment_status":"closed","ping_status":"closed","template":"","meta":{"footnotes":""},"class_list":["post-391","page","type-page","status-publish","hentry"],"yoast_head":"<!-- This site is optimized with the Yoast SEO plugin v27.3 - https:\/\/yoast.com\/product\/yoast-seo-wordpress\/ -->\n<title>Massage - mobile Physiotherapie<\/title>\n<meta name=\"description\" content=\"Krankengymnastik zu Ihren Konditionen: flexibel, au\u00dferhalb der \u00fcblichen Praxiszeiten, direkt bei Ihnen zu Hause, individuell auf Ihre Bed\u00fcrfnisse abgestimmt.\" \/>\n<meta name=\"robots\" content=\"index, follow, max-snippet:-1, max-image-preview:large, max-video-preview:-1\" \/>\n<link rel=\"canonical\" href=\"https:\/\/theradix.de\/en\/home\/leistungen\/massage\/\" \/>\n<meta property=\"og:locale\" content=\"en_US\" \/>\n<meta property=\"og:type\" content=\"article\" \/>\n<meta property=\"og:title\" content=\"Massage - mobile Physiotherapie\" \/>\n<meta property=\"og:description\" content=\"Krankengymnastik zu Ihren Konditionen: flexibel, au\u00dferhalb der \u00fcblichen Praxiszeiten, direkt bei Ihnen zu Hause, individuell auf Ihre Bed\u00fcrfnisse abgestimmt.\" \/>\n<meta property=\"og:url\" content=\"https:\/\/theradix.de\/en\/home\/leistungen\/massage\/\" \/>\n<meta property=\"og:site_name\" content=\"mobile Physiotherapie\" \/>\n<meta property=\"article:modified_time\" content=\"2026-03-17T16:45:33+00:00\" \/>\n<meta property=\"og:image\" content=\"http:\/\/theradix.de\/wp-content\/uploads\/2026\/02\/Massage-500x500.png\" \/>\n<meta name=\"twitter:card\" content=\"summary_large_image\" \/>\n<meta name=\"twitter:label1\" content=\"Est. reading time\" \/>\n\t<meta name=\"twitter:data1\" content=\"1 minute\" \/>\n<script type=\"application\/ld+json\" class=\"yoast-schema-graph\">{\"@context\":\"https:\\\/\\\/schema.org\",\"@graph\":[{\"@type\":\"WebPage\",\"@id\":\"https:\\\/\\\/theradix.de\\\/home\\\/leistungen\\\/massage\\\/\",\"url\":\"https:\\\/\\\/theradix.de\\\/home\\\/leistungen\\\/massage\\\/\",\"name\":\"Massage - mobile Physiotherapie\",\"isPartOf\":{\"@id\":\"http:\\\/\\\/theradix.de\\\/#website\"},\"primaryImageOfPage\":{\"@id\":\"https:\\\/\\\/theradix.de\\\/home\\\/leistungen\\\/massage\\\/#primaryimage\"},\"image\":{\"@id\":\"https:\\\/\\\/theradix.de\\\/home\\\/leistungen\\\/massage\\\/#primaryimage\"},\"thumbnailUrl\":\"http:\\\/\\\/theradix.de\\\/wp-content\\\/uploads\\\/2026\\\/02\\\/Massage-500x500.png\",\"datePublished\":\"2026-01-08T21:01:22+00:00\",\"dateModified\":\"2026-03-17T16:45:33+00:00\",\"description\":\"Krankengymnastik zu Ihren Konditionen: flexibel, au\u00dferhalb der \u00fcblichen Praxiszeiten, direkt bei Ihnen zu Hause, individuell auf Ihre Bed\u00fcrfnisse abgestimmt.\",\"breadcrumb\":{\"@id\":\"https:\\\/\\\/theradix.de\\\/home\\\/leistungen\\\/massage\\\/#breadcrumb\"},\"inLanguage\":\"en-US\",\"potentialAction\":[{\"@type\":\"ReadAction\",\"target\":[\"https:\\\/\\\/theradix.de\\\/home\\\/leistungen\\\/massage\\\/\"]}]},{\"@type\":\"ImageObject\",\"inLanguage\":\"en-US\",\"@id\":\"https:\\\/\\\/theradix.de\\\/home\\\/leistungen\\\/massage\\\/#primaryimage\",\"url\":\"http:\\\/\\\/theradix.de\\\/wp-content\\\/uploads\\\/2026\\\/02\\\/Massage-500x500.png\",\"contentUrl\":\"http:\\\/\\\/theradix.de\\\/wp-content\\\/uploads\\\/2026\\\/02\\\/Massage-500x500.png\"},{\"@type\":\"BreadcrumbList\",\"@id\":\"https:\\\/\\\/theradix.de\\\/home\\\/leistungen\\\/massage\\\/#breadcrumb\",\"itemListElement\":[{\"@type\":\"ListItem\",\"position\":1,\"name\":\"Startseite\",\"item\":\"http:\\\/\\\/theradix.de\\\/\"},{\"@type\":\"ListItem\",\"position\":2,\"name\":\"Home\",\"item\":\"http:\\\/\\\/theradix.de\\\/\"},{\"@type\":\"ListItem\",\"position\":3,\"name\":\"Leistungen\",\"item\":\"http:\\\/\\\/theradix.de\\\/home\\\/leistungen\\\/\"},{\"@type\":\"ListItem\",\"position\":4,\"name\":\"Massage\"}]},{\"@type\":\"WebSite\",\"@id\":\"http:\\\/\\\/theradix.de\\\/#website\",\"url\":\"http:\\\/\\\/theradix.de\\\/\",\"name\":\"Theradix\",\"description\":\"Flexible Hausbesuche rund um Ulm\",\"publisher\":{\"@id\":\"http:\\\/\\\/theradix.de\\\/#organization\"},\"potentialAction\":[{\"@type\":\"SearchAction\",\"target\":{\"@type\":\"EntryPoint\",\"urlTemplate\":\"http:\\\/\\\/theradix.de\\\/?s={search_term_string}\"},\"query-input\":{\"@type\":\"PropertyValueSpecification\",\"valueRequired\":true,\"valueName\":\"search_term_string\"}}],\"inLanguage\":\"en-US\"},{\"@type\":\"Organization\",\"@id\":\"http:\\\/\\\/theradix.de\\\/#organization\",\"name\":\"mobile Physiotherapie\",\"url\":\"http:\\\/\\\/theradix.de\\\/\",\"logo\":{\"@type\":\"ImageObject\",\"inLanguage\":\"en-US\",\"@id\":\"http:\\\/\\\/theradix.de\\\/#\\\/schema\\\/logo\\\/image\\\/\",\"url\":\"https:\\\/\\\/theradix.de\\\/wp-content\\\/uploads\\\/2025\\\/11\\\/Logo_Platzhalter.jpg\",\"contentUrl\":\"https:\\\/\\\/theradix.de\\\/wp-content\\\/uploads\\\/2025\\\/11\\\/Logo_Platzhalter.jpg\",\"width\":1042,\"height\":206,\"caption\":\"mobile Physiotherapie\"},\"image\":{\"@id\":\"http:\\\/\\\/theradix.de\\\/#\\\/schema\\\/logo\\\/image\\\/\"}}]}<\/script>\n<!-- \/ Yoast SEO plugin. -->","yoast_head_json":{"title":"Massage - mobile Physiotherapie","description":"Krankengymnastik zu Ihren Konditionen: flexibel, au\u00dferhalb der \u00fcblichen Praxiszeiten, direkt bei Ihnen zu Hause, individuell auf Ihre Bed\u00fcrfnisse abgestimmt.","robots":{"index":"index","follow":"follow","max-snippet":"max-snippet:-1","max-image-preview":"max-image-preview:large","max-video-preview":"max-video-preview:-1"},"canonical":"https:\/\/theradix.de\/en\/home\/leistungen\/massage\/","og_locale":"en_US","og_type":"article","og_title":"Massage - mobile Physiotherapie","og_description":"Krankengymnastik zu Ihren Konditionen: flexibel, au\u00dferhalb der \u00fcblichen Praxiszeiten, direkt bei Ihnen zu Hause, individuell auf Ihre Bed\u00fcrfnisse abgestimmt.","og_url":"https:\/\/theradix.de\/en\/home\/leistungen\/massage\/","og_site_name":"mobile Physiotherapie","article_modified_time":"2026-03-17T16:45:33+00:00","og_image":[{"url":"http:\/\/theradix.de\/wp-content\/uploads\/2026\/02\/Massage-500x500.png","type":"","width":"","height":""}],"twitter_card":"summary_large_image","twitter_misc":{"Est. reading time":"1 minute"},"schema":{"@context":"https:\/\/schema.org","@graph":[{"@type":"WebPage","@id":"https:\/\/theradix.de\/home\/leistungen\/massage\/","url":"https:\/\/theradix.de\/home\/leistungen\/massage\/","name":"Massage - mobile Physiotherapie","isPartOf":{"@id":"http:\/\/theradix.de\/#website"},"primaryImageOfPage":{"@id":"https:\/\/theradix.de\/home\/leistungen\/massage\/#primaryimage"},"image":{"@id":"https:\/\/theradix.de\/home\/leistungen\/massage\/#primaryimage"},"thumbnailUrl":"http:\/\/theradix.de\/wp-content\/uploads\/2026\/02\/Massage-500x500.png","datePublished":"2026-01-08T21:01:22+00:00","dateModified":"2026-03-17T16:45:33+00:00","description":"Krankengymnastik zu Ihren Konditionen: flexibel, au\u00dferhalb der \u00fcblichen Praxiszeiten, direkt bei Ihnen zu Hause, individuell auf Ihre Bed\u00fcrfnisse abgestimmt.","breadcrumb":{"@id":"https:\/\/theradix.de\/home\/leistungen\/massage\/#breadcrumb"},"inLanguage":"en-US","potentialAction":[{"@type":"ReadAction","target":["https:\/\/theradix.de\/home\/leistungen\/massage\/"]}]},{"@type":"ImageObject","inLanguage":"en-US","@id":"https:\/\/theradix.de\/home\/leistungen\/massage\/#primaryimage","url":"http:\/\/theradix.de\/wp-content\/uploads\/2026\/02\/Massage-500x500.png","contentUrl":"http:\/\/theradix.de\/wp-content\/uploads\/2026\/02\/Massage-500x500.png"},{"@type":"BreadcrumbList","@id":"https:\/\/theradix.de\/home\/leistungen\/massage\/#breadcrumb","itemListElement":[{"@type":"ListItem","position":1,"name":"Startseite","item":"http:\/\/theradix.de\/"},{"@type":"ListItem","position":2,"name":"Home","item":"http:\/\/theradix.de\/"},{"@type":"ListItem","position":3,"name":"Leistungen","item":"http:\/\/theradix.de\/home\/leistungen\/"},{"@type":"ListItem","position":4,"name":"Massage"}]},{"@type":"WebSite","@id":"http:\/\/theradix.de\/#website","url":"http:\/\/theradix.de\/","name":"Theradix","description":"Flexible house calls around Ulm","publisher":{"@id":"http:\/\/theradix.de\/#organization"},"potentialAction":[{"@type":"SearchAction","target":{"@type":"EntryPoint","urlTemplate":"http:\/\/theradix.de\/?s={search_term_string}"},"query-input":{"@type":"PropertyValueSpecification","valueRequired":true,"valueName":"search_term_string"}}],"inLanguage":"en-US"},{"@type":"Organization","@id":"http:\/\/theradix.de\/#organization","name":"mobile physical therapy","url":"http:\/\/theradix.de\/","logo":{"@type":"ImageObject","inLanguage":"en-US","@id":"http:\/\/theradix.de\/#\/schema\/logo\/image\/","url":"https:\/\/theradix.de\/wp-content\/uploads\/2025\/11\/Logo_Platzhalter.jpg","contentUrl":"https:\/\/theradix.de\/wp-content\/uploads\/2025\/11\/Logo_Platzhalter.jpg","width":1042,"height":206,"caption":"mobile Physiotherapie"},"image":{"@id":"http:\/\/theradix.de\/#\/schema\/logo\/image\/"}}]}},"_links":{"self":[{"href":"https:\/\/theradix.de\/en\/wp-json\/wp\/v2\/pages\/391","targetHints":{"allow":["GET"]}}],"collection":[{"href":"https:\/\/theradix.de\/en\/wp-json\/wp\/v2\/pages"}],"about":[{"href":"https:\/\/theradix.de\/en\/wp-json\/wp\/v2\/types\/page"}],"author":[{"embeddable":true,"href":"https:\/\/theradix.de\/en\/wp-json\/wp\/v2\/users\/1"}],"replies":[{"embeddable":true,"href":"https:\/\/theradix.de\/en\/wp-json\/wp\/v2\/comments?post=391"}],"version-history":[{"count":7,"href":"https:\/\/theradix.de\/en\/wp-json\/wp\/v2\/pages\/391\/revisions"}],"predecessor-version":[{"id":425,"href":"https:\/\/theradix.de\/en\/wp-json\/wp\/v2\/pages\/391\/revisions\/425"}],"up":[{"embeddable":true,"href":"https:\/\/theradix.de\/en\/wp-json\/wp\/v2\/pages\/2"}],"wp:attachment":[{"href":"https:\/\/theradix.de\/en\/wp-json\/wp\/v2\/media?parent=391"}],"curies":[{"name":"wp","href":"https:\/\/api.w.org\/{rel}","templated":true}]}}